{"id":1825,"date":"2019-04-04T12:42:05","date_gmt":"2019-04-04T09:42:05","guid":{"rendered":"http:\/\/asvolkan.com\/?page_id=1825"},"modified":"2021-12-22T16:37:27","modified_gmt":"2021-12-22T13:37:27","slug":"dokuman","status":"publish","type":"page","link":"http:\/\/asvolkan.com\/en\/dokuman\/","title":{"rendered":"WORK F\u0130N\u0130SH\u0130NG"},"content":{"rendered":"<p><a href=\"http:\/\/asvolkan.com\/wp-content\/uploads\/2019\/04\/1.png\"><img loading=\"lazy\" class=\"alignnone wp-image-1827 size-large\" src=\"http:\/\/asvolkan.com\/wp-content\/uploads\/2019\/04\/1-1024x1014.png\" alt=\"\" width=\"1024\" height=\"1014\" srcset=\"http:\/\/asvolkan.com\/wp-content\/uploads\/2019\/04\/1-1024x1014.png 1024w, http:\/\/asvolkan.com\/wp-content\/uploads\/2019\/04\/1-150x150.png 150w, http:\/\/asvolkan.com\/wp-content\/uploads\/2019\/04\/1-300x297.png 300w, http:\/\/asvolkan.com\/wp-content\/uploads\/2019\/04\/1-768x760.png 768w, http:\/\/asvolkan.com\/wp-content\/uploads\/2019\/04\/1.png 1500w\" sizes=\"(max-width: 1024px) 100vw, 1024px\" \/><\/a><\/p>\n<p><a href=\"http:\/\/asvolkan.com\/wp-content\/uploads\/2019\/04\/2.png\"><img loading=\"lazy\" class=\"alignnone wp-image-1828 size-large\" src=\"http:\/\/asvolkan.com\/wp-content\/uploads\/2019\/04\/2-1024x1014.png\" alt=\"\" width=\"1024\" height=\"1014\" srcset=\"http:\/\/asvolkan.com\/wp-content\/uploads\/2019\/04\/2-1024x1014.png 1024w, http:\/\/asvolkan.com\/wp-content\/uploads\/2019\/04\/2-150x150.png 150w, http:\/\/asvolkan.com\/wp-content\/uploads\/2019\/04\/2-300x297.png 300w, http:\/\/asvolkan.com\/wp-content\/uploads\/2019\/04\/2-768x760.png 768w, http:\/\/asvolkan.com\/wp-content\/uploads\/2019\/04\/2.png 1500w\" sizes=\"(max-width: 1024px) 100vw, 1024px\" \/><\/a><\/p>\n<p><a href=\"http:\/\/asvolkan.com\/wp-content\/uploads\/2019\/04\/3.png\"><img loading=\"lazy\" class=\"alignnone wp-image-1829 size-large\" src=\"http:\/\/asvolkan.com\/wp-content\/uploads\/2019\/04\/3-1024x1014.png\" alt=\"\" width=\"1024\" height=\"1014\" srcset=\"http:\/\/asvolkan.com\/wp-content\/uploads\/2019\/04\/3-1024x1014.png 1024w, http:\/\/asvolkan.com\/wp-content\/uploads\/2019\/04\/3-150x150.png 150w, http:\/\/asvolkan.com\/wp-content\/uploads\/2019\/04\/3-300x297.png 300w, http:\/\/asvolkan.com\/wp-content\/uploads\/2019\/04\/3-768x760.png 768w, http:\/\/asvolkan.com\/wp-content\/uploads\/2019\/04\/3.png 1500w\" sizes=\"(max-width: 1024px) 100vw, 1024px\" \/><\/a><\/p>\n<p><a href=\"http:\/\/asvolkan.com\/wp-content\/uploads\/2019\/04\/4.png\"><img loading=\"lazy\" class=\"alignnone wp-image-1830 size-large\" src=\"http:\/\/asvolkan.com\/wp-content\/uploads\/2019\/04\/4-1024x1014.png\" alt=\"\" width=\"1024\" height=\"1014\" srcset=\"http:\/\/asvolkan.com\/wp-content\/uploads\/2019\/04\/4-1024x1014.png 1024w, http:\/\/asvolkan.com\/wp-content\/uploads\/2019\/04\/4-150x150.png 150w, http:\/\/asvolkan.com\/wp-content\/uploads\/2019\/04\/4-300x297.png 300w, http:\/\/asvolkan.com\/wp-content\/uploads\/2019\/04\/4-768x760.png 768w, http:\/\/asvolkan.com\/wp-content\/uploads\/2019\/04\/4.png 1500w\" sizes=\"(max-width: 1024px) 100vw, 1024px\" \/><\/a><\/p>\n<p><a href=\"http:\/\/asvolkan.com\/wp-content\/uploads\/2019\/04\/5.png\"><img loading=\"lazy\" class=\"alignnone wp-image-1831 size-large\" src=\"http:\/\/asvolkan.com\/wp-content\/uploads\/2019\/04\/5-1024x1014.png\" alt=\"\" width=\"1024\" height=\"1014\" srcset=\"http:\/\/asvolkan.com\/wp-content\/uploads\/2019\/04\/5-1024x1014.png 1024w, http:\/\/asvolkan.com\/wp-content\/uploads\/2019\/04\/5-150x150.png 150w, http:\/\/asvolkan.com\/wp-content\/uploads\/2019\/04\/5-300x297.png 300w, http:\/\/asvolkan.com\/wp-content\/uploads\/2019\/04\/5-768x760.png 768w, http:\/\/asvolkan.com\/wp-content\/uploads\/2019\/04\/5.png 1500w\" sizes=\"(max-width: 1024px) 100vw, 1024px\" \/><\/a><\/p>\n<p><a href=\"http:\/\/asvolkan.com\/wp-content\/uploads\/2019\/04\/6.png\"><img loading=\"lazy\" class=\"alignnone wp-image-1832 size-large\" src=\"http:\/\/asvolkan.com\/wp-content\/uploads\/2019\/04\/6-1024x509.png\" alt=\"\" width=\"1024\" height=\"509\" srcset=\"http:\/\/asvolkan.com\/wp-content\/uploads\/2019\/04\/6-1024x509.png 1024w, http:\/\/asvolkan.com\/wp-content\/uploads\/2019\/04\/6-300x149.png 300w, http:\/\/asvolkan.com\/wp-content\/uploads\/2019\/04\/6-768x382.png 768w, http:\/\/asvolkan.com\/wp-content\/uploads\/2019\/04\/6.png 1500w\" sizes=\"(max-width: 1024px) 100vw, 1024px\" \/><\/a><\/p>","protected":false},"excerpt":{"rendered":"<p><img loading=\"lazy\" class=\"alignnone wp-image-1827 size-large\" src=\"http:\/\/asvolkan.com\/wp-content\/uploads\/2019\/04\/1-1024x1014.png\" alt=\"\" width=\"1024\" height=\"1014\" srcset=\"http:\/\/asvolkan.com\/wp-content\/uploads\/2019\/04\/1-1024x1014.png 1024w, http:\/\/asvolkan.com\/wp-content\/uploads\/2019\/04\/1-150x150.png 150w, http:\/\/asvolkan.com\/wp-content\/uploads\/2019\/04\/1-300x297.png 300w, http:\/\/asvolkan.com\/wp-content\/uploads\/2019\/04\/1-768x760.png 768w, http:\/\/asvolkan.com\/wp-content\/uploads\/2019\/04\/1.png 1500w\" sizes=\"(max-width: 1024px) 100vw, 1024px\" \/><\/p>\n<p><img loading=\"lazy\" class=\"alignnone wp-image-1828 size-large\" src=\"http:\/\/asvolkan.com\/wp-content\/uploads\/2019\/04\/2-1024x1014.png\" alt=\"\" width=\"1024\" height=\"1014\" srcset=\"http:\/\/asvolkan.com\/wp-content\/uploads\/2019\/04\/2-1024x1014.png 1024w, http:\/\/asvolkan.com\/wp-content\/uploads\/2019\/04\/2-150x150.png 150w, http:\/\/asvolkan.com\/wp-content\/uploads\/2019\/04\/2-300x297.png 300w, http:\/\/asvolkan.com\/wp-content\/uploads\/2019\/04\/2-768x760.png 768w, http:\/\/asvolkan.com\/wp-content\/uploads\/2019\/04\/2.png 1500w\" sizes=\"(max-width: 1024px) 100vw, 1024px\" \/><\/p>\n<p><img loading=\"lazy\" class=\"alignnone wp-image-1829 size-large\" src=\"http:\/\/asvolkan.com\/wp-content\/uploads\/2019\/04\/3-1024x1014.png\" alt=\"\" width=\"1024\" height=\"1014\" srcset=\"http:\/\/asvolkan.com\/wp-content\/uploads\/2019\/04\/3-1024x1014.png 1024w, http:\/\/asvolkan.com\/wp-content\/uploads\/2019\/04\/3-150x150.png 150w, http:\/\/asvolkan.com\/wp-content\/uploads\/2019\/04\/3-300x297.png 300w, http:\/\/asvolkan.com\/wp-content\/uploads\/2019\/04\/3-768x760.png 768w, http:\/\/asvolkan.com\/wp-content\/uploads\/2019\/04\/3.png 1500w\" sizes=\"(max-width: 1024px) 100vw, 1024px\" \/><\/p>\n<p><img loading=\"lazy\" class=\"alignnone wp-image-1830 size-large\" src=\"http:\/\/asvolkan.com\/wp-content\/uploads\/2019\/04\/4-1024x1014.png\" alt=\"\" width=\"1024\" height=\"1014\" srcset=\"http:\/\/asvolkan.com\/wp-content\/uploads\/2019\/04\/4-1024x1014.png 1024w, http:\/\/asvolkan.com\/wp-content\/uploads\/2019\/04\/4-150x150.png 150w, http:\/\/asvolkan.com\/wp-content\/uploads\/2019\/04\/4-300x297.png 300w, http:\/\/asvolkan.com\/wp-content\/uploads\/2019\/04\/4-768x760.png 768w, http:\/\/asvolkan.com\/wp-content\/uploads\/2019\/04\/4.png 1500w\" sizes=\"(max-width: 1024px) 100vw, 1024px\" \/><\/p>\n<p><img loading=\"lazy\" class=\"alignnone wp-image-1831 size-large\" src=\"http:\/\/asvolkan.com\/wp-content\/uploads\/2019\/04\/5-1024x1014.png\" alt=\"\" width=\"1024\" height=\"1014\" srcset=\"http:\/\/asvolkan.com\/wp-content\/uploads\/2019\/04\/5-1024x1014.png 1024w, http:\/\/asvolkan.com\/wp-content\/uploads\/2019\/04\/5-150x150.png 150w, http:\/\/asvolkan.com\/wp-content\/uploads\/2019\/04\/5-300x297.png 300w, http:\/\/asvolkan.com\/wp-content\/uploads\/2019\/04\/5-768x760.png 768w, http:\/\/asvolkan.com\/wp-content\/uploads\/2019\/04\/5.png 1500w\" sizes=\"(max-width: 1024px) 100vw, 1024px\" \/><\/p>\n<p><img loading=\"lazy\" class=\"alignnone wp-image-1832 size-large\" src=\"http:\/\/asvolkan.com\/wp-content\/uploads\/2019\/04\/6-1024x509.png\" alt=\"\" width=\"1024\" height=\"509\" srcset=\"http:\/\/asvolkan.com\/wp-content\/uploads\/2019\/04\/6-1024x509.png 1024w, http:\/\/asvolkan.com\/wp-content\/uploads\/2019\/04\/6-300x149.png 300w, http:\/\/asvolkan.com\/wp-content\/uploads\/2019\/04\/6-768x382.png 768w, http:\/\/asvolkan.com\/wp-content\/uploads\/2019\/04\/6.png 1500w\" sizes=\"(max-width: 1024px) 100vw, 1024px\" \/><\/p>\n","protected":false},"author":3,"featured_media":0,"parent":0,"menu_order":0,"comment_status":"closed","ping_status":"closed","template":"","meta":[],"_links":{"self":[{"href":"http:\/\/asvolkan.com\/en\/wp-json\/wp\/v2\/pages\/1825"}],"collection":[{"href":"http:\/\/asvolkan.com\/en\/wp-json\/wp\/v2\/pages"}],"about":[{"href":"http:\/\/asvolkan.com\/en\/wp-json\/wp\/v2\/types\/page"}],"author":[{"embeddable":true,"href":"http:\/\/asvolkan.com\/en\/wp-json\/wp\/v2\/users\/3"}],"replies":[{"embeddable":true,"href":"http:\/\/asvolkan.com\/en\/wp-json\/wp\/v2\/comments?post=1825"}],"version-history":[{"count":5,"href":"http:\/\/asvolkan.com\/en\/wp-json\/wp\/v2\/pages\/1825\/revisions"}],"predecessor-version":[{"id":1871,"href":"http:\/\/asvolkan.com\/en\/wp-json\/wp\/v2\/pages\/1825\/revisions\/1871"}],"wp:attachment":[{"href":"http:\/\/asvolkan.com\/en\/wp-json\/wp\/v2\/media?parent=1825"}],"curies":[{"name":"wp","href":"https:\/\/api.w.org\/{rel}","templated":true}]}}